{"id":26,"date":"2012-01-08T02:23:37","date_gmt":"2012-01-08T02:23:37","guid":{"rendered":"http:\/\/clasiro.com\/immeuble\/?page_id=26"},"modified":"2023-11-21T22:08:19","modified_gmt":"2023-11-21T22:08:19","slug":"rue-de-la-monarde","status":"publish","type":"page","link":"https:\/\/clasiro.com\/immeuble\/projets-st-amable\/rue-de-la-monarde","title":{"rendered":"Projets St-Amable <span>Rue de la Monarde<\/span>"},"content":{"rendered":"\r\n<h4>5 1\/2 \u00e0 partir de 1445 $ *<\/h4>\r\n<table class=\"projets-en-cours\">\r\n<tbody>\r\n<tr>\r\n<td>\r\n<div class=\"shadow1\">\r\n<div class=\"content\"><a href=\"http:\/\/clasiro.com\/immeuble\/wp-content\/uploads\/2012\/01\/Monarde-nouvelle-259x-194.jpg\"><img loading=\"lazy\" decoding=\"async\" class=\"alignnone size-full wp-image-234\" title=\"Monarde nouvelle 259x 194\" src=\"http:\/\/clasiro.com\/immeuble\/wp-content\/uploads\/2012\/01\/Monarde-nouvelle-259x-194.jpg\" alt=\"\" width=\"259\" height=\"194\"><\/a><\/div>\r\n<\/div>\r\n<\/td>\r\n<td class=\"ptext\"><a href=\"http:\/\/clasiro.com\/immeuble\/wp-content\/uploads\/2012\/01\/sous-sol-StAmable-plan2.jpg\" rel=\"lightbox\"><img loading=\"lazy\" decoding=\"async\" class=\"alignnone size-medium wp-image-128\" title=\"P:DESSINSEntrepreneursHabitation D.F.JDuplex (30X26.5) Etage\" src=\"http:\/\/clasiro.com\/immeuble\/wp-content\/uploads\/2012\/01\/sous-sol-StAmable-plan2-300x300.jpg\" alt=\"\" width=\"300\" height=\"300\" srcset=\"https:\/\/clasiro.com\/immeuble\/wp-content\/uploads\/2012\/01\/sous-sol-StAmable-plan2-300x300.jpg 300w, https:\/\/clasiro.com\/immeuble\/wp-content\/uploads\/2012\/01\/sous-sol-StAmable-plan2-150x150.jpg 150w, https:\/\/clasiro.com\/immeuble\/wp-content\/uploads\/2012\/01\/sous-sol-StAmable-plan2.jpg 600w\" sizes=\"auto, (max-width: 300px) 100vw, 300px\" \/><\/a><\/td>\r\n<\/tr>\r\n<\/tbody>\r\n<\/table>\r\n<div id=\"coord-box\">\r\n<h3>Coordonn\u00e9es<\/h3>\r\n<p>Veuillez prendre un rendez-vous<br>pour une visite.<br><br>Immeubles Clasiro<br>1-866-CLASIRO<br><br><a href=\"mailto:immosta@clasiro.com\">info@clasiro.com<\/a><\/p>\r\n<\/div>\r\n<p>*Une enqu\u00eate de cr\u00e9dit est obligatoire.<br>Formulaire \u00e0 remplir et \u00e0 remettre \u00e0 la personne responsable des locations.<\/p>\r\n<p><a href=\"https:\/\/clasiro.com\/immeuble\/wp-content\/uploads\/2022\/01\/DEMANDE-DE-LOCATION-2019-VERSION-DYNAMIQUE.pdf\">DEMANDE DE LOCATION 2019 (NOUVELLE VERSION DYNAMIQUE)<\/a><\/p>\r\n","protected":false},"excerpt":{"rendered":"<p>5 1\/2 \u00e0 partir de 1445 $ * Coordonn\u00e9es Veuillez prendre un rendez-vouspour une visite.Immeubles Clasiro1-866-CLASIROinfo@clasiro.com *Une enqu\u00eate de cr\u00e9dit est obligatoire.Formulaire \u00e0 remplir et \u00e0 remettre \u00e0 la personne responsable des locations. DEMANDE DE LOCATION 2019 (NOUVELLE VERSION DYNAMIQUE)<\/p>\n","protected":false},"author":1,"featured_media":0,"parent":19,"menu_order":0,"comment_status":"open","ping_status":"open","template":"","meta":{"ngg_post_thumbnail":0,"footnotes":""},"class_list":["post-26","page","type-page","status-publish","hentry"],"_links":{"self":[{"href":"https:\/\/clasiro.com\/immeuble\/wp-json\/wp\/v2\/pages\/26","targetHints":{"allow":["GET"]}}],"collection":[{"href":"https:\/\/clasiro.com\/immeuble\/wp-json\/wp\/v2\/pages"}],"about":[{"href":"https:\/\/clasiro.com\/immeuble\/wp-json\/wp\/v2\/types\/page"}],"author":[{"embeddable":true,"href":"https:\/\/clasiro.com\/immeuble\/wp-json\/wp\/v2\/users\/1"}],"replies":[{"embeddable":true,"href":"https:\/\/clasiro.com\/immeuble\/wp-json\/wp\/v2\/comments?post=26"}],"version-history":[{"count":21,"href":"https:\/\/clasiro.com\/immeuble\/wp-json\/wp\/v2\/pages\/26\/revisions"}],"predecessor-version":[{"id":700,"href":"https:\/\/clasiro.com\/immeuble\/wp-json\/wp\/v2\/pages\/26\/revisions\/700"}],"up":[{"embeddable":true,"href":"https:\/\/clasiro.com\/immeuble\/wp-json\/wp\/v2\/pages\/19"}],"wp:attachment":[{"href":"https:\/\/clasiro.com\/immeuble\/wp-json\/wp\/v2\/media?parent=26"}],"curies":[{"name":"wp","href":"https:\/\/api.w.org\/{rel}","templated":true}]}}