{"id":194,"date":"2013-01-21T14:03:42","date_gmt":"2013-01-21T14:03:42","guid":{"rendered":"http:\/\/clasiro.com\/immeuble\/?page_id=194"},"modified":"2023-11-21T22:11:58","modified_gmt":"2023-11-21T22:11:58","slug":"cowansville","status":"publish","type":"page","link":"https:\/\/clasiro.com\/immeuble\/cowansville","title":{"rendered":"Projet Cowansville <span style=\"font-size: 32px;\">Rue Louis-Joseph-Papineau<\/span>"},"content":{"rendered":"\r\n<h4>5 1\/2 \u00e0 partir de 1210 $*<\/h4>\r\n<table class=\"projets-en-cours\">\r\n<tbody>\r\n<tr>\r\n<td>\r\n<div class=\"shadow1\">\r\n<div class=\"content\"><a href=\"http:\/\/clasiro.com\/immeuble\/wp-content\/uploads\/2012\/01\/Sutton-facade-F3.jpg\"><img loading=\"lazy\" decoding=\"async\" class=\"alignnone size-full wp-image-212\" title=\"Sutton facade F\" src=\"http:\/\/clasiro.com\/immeuble\/wp-content\/uploads\/2012\/01\/Sutton-facade-F3.jpg\" alt=\"\" width=\"300\" height=\"231\"><\/a><\/div>\r\n<\/div>\r\n<\/td>\r\n<td class=\"ptext\"><a href=\"http:\/\/clasiro.com\/immeuble\/wp-content\/uploads\/2012\/01\/9log-st-amable-975-4.jpg\" rel=\"lightbox\"><img loading=\"lazy\" decoding=\"async\" title=\"P:DESSINSEntrepreneursHabitation D.F.JDuplex (30X26.5) Etage\" src=\"http:\/\/clasiro.com\/immeuble\/wp-content\/uploads\/2012\/01\/9log-st-amable-975-4-125x300.jpg\" alt=\"\" width=\"125\" height=\"300\"><\/a><a href=\"http:\/\/clasiro.com\/immeuble\/wp-content\/uploads\/2012\/01\/9log-st-amable-975-5.jpg\" rel=\"lightbox\"><img loading=\"lazy\" decoding=\"async\" title=\"P:DESSINSEntrepreneursHabitation D.F.JDuplex (30X26.5) Etage\" src=\"http:\/\/clasiro.com\/immeuble\/wp-content\/uploads\/2012\/01\/9log-st-amable-975-5-147x300.jpg\" alt=\"\" width=\"147\" height=\"300\"><\/a><\/td>\r\n<\/tr>\r\n<\/tbody>\r\n<\/table>\r\n<p><iframe loading=\"lazy\" src=\"\/\/www.youtube.com\/embed\/nSZybLzFssU\" width=\"640\" height=\"360\" frameborder=\"0\" allowfullscreen=\"allowfullscreen\"><\/iframe><\/p>\r\n<div id=\"coord-box\">\r\n<h3>Coordonn\u00e9es<\/h3>\r\n<p>Veuillez prendre un rendez-vous<br>pour une visite.<br><br>Immeubles Clasiro<br>1-866-CLASIRO<br><br><a href=\"mailto:immosutton@clasiro.com\">info@clasiro.com<\/a><\/p>\r\n<\/div>\r\n<p>*Une enqu\u00eate de cr\u00e9dit est obligatoire.<br>Formulaire \u00e0 remplir et \u00e0 remettre \u00e0 la personne responsable des locations.<\/p>\r\n<p><a href=\"https:\/\/clasiro.com\/immeuble\/wp-content\/uploads\/2022\/01\/DEMANDE-DE-LOCATION-2019-VERSION-DYNAMIQUE.pdf\">DEMANDE DE LOCATION 2019 (NOUVELLE VERSION DYNAMIQUE)<\/a><\/p>\r\n<p>&nbsp;<\/p>\r\n<p><a href=\"http:\/\/clasiro.com\/immeuble\/wp-content\/uploads\/2012\/01\/enquete_de_credit.pdf\" target=\"_blank\" rel=\"noopener noreferrer\"><br><br><\/a><\/p>\r\n","protected":false},"excerpt":{"rendered":"<p>5 1\/2 \u00e0 partir de 1210 $* Coordonn\u00e9es Veuillez prendre un rendez-vouspour une visite.Immeubles Clasiro1-866-CLASIROinfo@clasiro.com *Une enqu\u00eate de cr\u00e9dit est obligatoire.Formulaire \u00e0 remplir et \u00e0 remettre \u00e0 la personne responsable des locations. DEMANDE DE LOCATION 2019 (NOUVELLE VERSION DYNAMIQUE) &nbsp;<\/p>\n","protected":false},"author":1,"featured_media":0,"parent":0,"menu_order":0,"comment_status":"open","ping_status":"open","template":"","meta":{"ngg_post_thumbnail":0,"footnotes":""},"class_list":["post-194","page","type-page","status-publish","hentry"],"_links":{"self":[{"href":"https:\/\/clasiro.com\/immeuble\/wp-json\/wp\/v2\/pages\/194","targetHints":{"allow":["GET"]}}],"collection":[{"href":"https:\/\/clasiro.com\/immeuble\/wp-json\/wp\/v2\/pages"}],"about":[{"href":"https:\/\/clasiro.com\/immeuble\/wp-json\/wp\/v2\/types\/page"}],"author":[{"embeddable":true,"href":"https:\/\/clasiro.com\/immeuble\/wp-json\/wp\/v2\/users\/1"}],"replies":[{"embeddable":true,"href":"https:\/\/clasiro.com\/immeuble\/wp-json\/wp\/v2\/comments?post=194"}],"version-history":[{"count":28,"href":"https:\/\/clasiro.com\/immeuble\/wp-json\/wp\/v2\/pages\/194\/revisions"}],"predecessor-version":[{"id":702,"href":"https:\/\/clasiro.com\/immeuble\/wp-json\/wp\/v2\/pages\/194\/revisions\/702"}],"wp:attachment":[{"href":"https:\/\/clasiro.com\/immeuble\/wp-json\/wp\/v2\/media?parent=194"}],"curies":[{"name":"wp","href":"https:\/\/api.w.org\/{rel}","templated":true}]}}