{"id":4,"date":"2011-12-19T01:05:46","date_gmt":"2011-12-19T01:05:46","guid":{"rendered":"http:\/\/clasiro.com\/groupe\/?page_id=4"},"modified":"2019-06-24T22:33:50","modified_gmt":"2019-06-24T22:33:50","slug":"accueil","status":"publish","type":"page","link":"https:\/\/clasiro.com\/construction\/","title":{"rendered":"L&rsquo;entreprise"},"content":{"rendered":"<p>Clasiro est une entreprise sp\u00e9cialis\u00e9e dans le domaine de la construction r\u00e9sidentielle unifamiliale, le multi-logement et la copropri\u00e9t\u00e9 depuis plus de 10 ans.<\/p><p>L\u2019entreprise offre \u00e0 ses clients une construction de qualit\u00e9 sup\u00e9rieure, \u00e0 un prix accessible.<\/p><p>L\u2019entreprise est dirig\u00e9e par deux hommes d\u2019affaires oeuvrant dans diff\u00e9rents secteurs d\u2019activit\u00e9s. Favorablement, leur expertise se compl\u00e8te et devient un avantage pour la client\u00e8le.<\/p><p>Trois grandes forces : la gestion de projet, la construction et la vente. Ces forces, r\u00e9unies en une seule \u00e9quipe, font de Clasiro une entreprise solide et exp\u00e9riment\u00e9e qui est en mesure de r\u00e9pondre ad\u00e9quatement aux diff\u00e9rents besoins de sa client\u00e8le.<\/p><p>Une \u00e9quipe chevronn\u00e9e qui met tout en oeuvre pour assurer votre satisfaction.<\/p>","protected":false},"excerpt":{"rendered":"<p>Clasiro est une entreprise sp\u00e9cialis\u00e9e dans le domaine de la construction r\u00e9sidentielle unifamiliale, le multi-logement et la copropri\u00e9t\u00e9 depuis plus de 10 ans.L\u2019entreprise offre \u00e0 ses clients une construction de qualit\u00e9 sup\u00e9rieure, \u00e0 un prix accessible.L\u2019entreprise est dirig\u00e9e par deux hommes d\u2019affaires oeuvrant dans diff\u00e9rents secteurs d\u2019activit\u00e9s. Favorablement, leur expertise se compl\u00e8te et devient un [&hellip;]<\/p>\n","protected":false},"author":1,"featured_media":0,"parent":0,"menu_order":0,"comment_status":"open","ping_status":"open","template":"","meta":{"ngg_post_thumbnail":0,"footnotes":""},"class_list":["post-4","page","type-page","status-publish","hentry"],"_links":{"self":[{"href":"https:\/\/clasiro.com\/construction\/wp-json\/wp\/v2\/pages\/4","targetHints":{"allow":["GET"]}}],"collection":[{"href":"https:\/\/clasiro.com\/construction\/wp-json\/wp\/v2\/pages"}],"about":[{"href":"https:\/\/clasiro.com\/construction\/wp-json\/wp\/v2\/types\/page"}],"author":[{"embeddable":true,"href":"https:\/\/clasiro.com\/construction\/wp-json\/wp\/v2\/users\/1"}],"replies":[{"embeddable":true,"href":"https:\/\/clasiro.com\/construction\/wp-json\/wp\/v2\/comments?post=4"}],"version-history":[{"count":11,"href":"https:\/\/clasiro.com\/construction\/wp-json\/wp\/v2\/pages\/4\/revisions"}],"predecessor-version":[{"id":71,"href":"https:\/\/clasiro.com\/construction\/wp-json\/wp\/v2\/pages\/4\/revisions\/71"}],"wp:attachment":[{"href":"https:\/\/clasiro.com\/construction\/wp-json\/wp\/v2\/media?parent=4"}],"curies":[{"name":"wp","href":"https:\/\/api.w.org\/{rel}","templated":true}]}}